{"id":1569,"date":"2016-11-25T13:59:42","date_gmt":"2016-11-25T12:59:42","guid":{"rendered":"https:\/\/peppink.nl\/?page_id=1569"},"modified":"2021-05-13T20:34:26","modified_gmt":"2021-05-13T18:34:26","slug":"e-book-toelichting","status":"publish","type":"page","link":"https:\/\/peppink.nl\/index.php\/e-book-toelichting\/","title":{"rendered":"E-book toelichting"},"content":{"rendered":"\n<p>Ik ontvang hier meerdere vragen over.&nbsp;Niet iedereen blijkt op de hoogte hoe \u00e9\u00e9n en ander werkt. Daarom hierbij een toelichting.<\/p>\n\n\n\n<p>&#8220;<span style=\"color: #339966;\">Kan ik het E-book op meerdere apparaten lezen?<\/span>&#8220;<br>Het kortere antwoord is:&nbsp; Ja! Als u het E-book via mijn website aanschaft, dan kunt u het E-book zonder problemen op al uw apparaten plaatsen.<\/p>\n\n\n\n<p>Als het E-book gekocht wordt via (al of niet online) boekhandel, dan is daar een beveiligingscode in aangebracht. Deze is door het Centraal Boekhuis geplaatst. Dit wordt gedaan om illegaal kopi\u00ebren te voorkomen.<\/p>\n\n\n\n<p>Handige mensen, die zich aan zo\u2019n beveiliging niet willen storen, kunnen het tamelijk eenvoudig omzeilen. Heel veel waarde heeft het dus niet. Ik heb mij er verder niet bijzonder in verdiept, maar heb betrepen dat het nadeel is dat de rechtmatige eigenaar die wat minder handig is in zijn handelen bemoeilijkt wordt.&nbsp;Vooral wanneer deze het boek op meerdere apparaten zou willen kunnen lezen. Het zou dan als een illegale kopie gezien worden.<\/p>\n\n\n\n<p>Ik vind dat de koper zonder (voor velen ingewikkelde) toestanden het boek naar wens op al zijn\/haar apparaten&nbsp;moet kunnen lezen. Daarom was ik er niet blij mee dat bij het Centraal Boekhuis deze beveiligingscode toch is aangebracht.<\/p>\n\n\n\n<p>Aangezien ik het EPUB bestand&nbsp;ook technisch gezien zelf in elkaar heb gezet, staat het mij natuurlijk vrij om het boek via mijn eigen website ook zonder deze beveiligingscode aan te bieden.<\/p>\n\n\n\n<p>Ik heb in dat exemplaar de copyright regels aangepast:<br>&#8220;<span style=\"color: #339966;\">Dit boek wordt door uw geweten beschermd tegen illegaal kopi\u00ebren<\/span><br><span style=\"color: #339966;\">Wanneer u dit boek niet gekocht hebt, is sprake van een illegale kopie. U kunt dit herstellen door het e-book alsnog aan te schaffen. Zie daarvoor de bestelpagina op de website <a style=\"color: #339966;\" href=\"\/index.php\/winkel\">https:\/\/peppink.nl<\/a>.<\/span>&#8220;<\/p>\n\n\n\n<p>Als&nbsp;koper kunt u&nbsp;het vrij op al&nbsp;uw apparaten plaatsen. Wanneer&nbsp;u het toch aan anderen doorgeeft, dan heb ik daar natuurlijk geen zicht op. Zij hebben geen idee van de vele vele honderden uren die&nbsp;ermee gemoed waren&nbsp;en van het feit dat ik&nbsp;na aftrek van de kosten tot op heden nog steeds in de min sta. Het zij zo.<\/p>\n\n\n\n<p>Het E-book kan&nbsp;natuurlijk geplaatst worden op&nbsp;een E-Readers, zolang het EPUB formaat wordt ondersteund.<br>Voor&nbsp;PC&#8217;s, notebooks, tablets en smartphones bestaan meerdere programma\u2019s voor het lezen van EPUB boeken. Zelf gebruik ik het gratis te downloaden Adobe Digital Editions op de PC en de Kobo Reader op tablet en Smartphone. Elk van deze programma\u2019s heeft haar eigen manier om een E-book in de bibliotheek op te nemen. Volg dus de aanwijzingen van het programma om het E-book te openen. Belangrijk is dat het EPUB formaat ondersteund wordt.<\/p>\n\n\n\n<p>Suggestie voor een gratis programma op&nbsp;PC en notebook is &#8216;<strong>Adobe Digital Editions<\/strong>&#8216;.&nbsp;Zie: <a href=\"http:\/\/www.adobe.com\/solutions\/ebook\/digital-editions.html\" target=\"_blank\" rel=\"noopener\">http:\/\/www.adobe.com\/solutions\/ebook\/digital-editions.html<\/a><br>NB. De &#8216;Adobe Reader&#8217; is niet geschikt. Deze is voor het openen van PDF documenten.<\/p>\n\n\n\n<p>Voor het testen op&nbsp;tablet en smartphone heb ik onder andere gebruik gemaakt van de &#8216;<strong>Kobo Reader<\/strong>&#8216; APP.&nbsp;Zie: <a href=\"https:\/\/www.kobo.com\/nl\/nl\" target=\"_blank\" rel=\"noopener\">https:\/\/www.kobo.com\/nl\/nl<\/a> onder &#8220;APPS &amp; eREADERS&#8221;<\/p>\n\n\n\n<p><strong>Tip:<\/strong> Speel met de instellingen (lettergrootte, kantlijnen etc.) tot de weergave naar&nbsp;uw wens is.<\/p>\n\n\n\n<p>Wanneer het E-book via deze website is aangeschaft en de betaling is ontvangen, dan ontvangt u een E-mail ter bevestiging.&nbsp;Daarin zit een link waarmee het bestand kan worden gedownload.<br>Deze linkt blijft gedurende 10 dagen actief. Bewaar dit bestand als &#8220;origineel&#8221; op een veilige plaats en kopieer het van daarnaar de verschillende E-readers.<\/p>\n\n\n\n<p>Ik hoop dat dit \u00e9\u00e9n en ander voldoende duidelijk maakt. U kunt overigens \u00e9\u00e9n en ander uitproberen. Download dan als een voorproefje van het E-book het gedeelte&nbsp; de behandeling van Romeinen 8:30 (EPUB), op <a href=\"\/index.php\/download\">https:\/\/peppink.nl\/index.php\/download<\/a><\/p>\n\n\n\n<p>Mochten er verdere vragen zijn, dan kunt u die&nbsp;natuurlijk altijd stellen&nbsp;via het <a href=\"\/index.php\/contact\/\">contact formulier<\/a>.<\/p>\n\n\n\n<p>Vriendelijke groet,<br>Jan<\/p>\n","protected":false},"excerpt":{"rendered":"<p>Ik ontvang hier meerdere vragen over.&nbsp;Niet iedereen blijkt op de hoogte hoe \u00e9\u00e9n en ander werkt. Daarom hierbij een toelichting. &#8220;Kan ik het E-book op meerdere apparaten lezen?&#8220;Het kortere antwoord is:&nbsp; Ja! Als u het E-book via mijn website aanschaft, dan kunt u het E-book zonder problemen op al uw apparaten plaatsen. Als het E-book [&hellip;]<\/p>\n","protected":false},"author":1,"featured_media":0,"parent":0,"menu_order":0,"comment_status":"closed","ping_status":"closed","template":"","meta":{"footnotes":""},"class_list":["post-1569","page","type-page","status-publish","hentry"],"_links":{"self":[{"href":"https:\/\/peppink.nl\/index.php\/wp-json\/wp\/v2\/pages\/1569","targetHints":{"allow":["GET"]}}],"collection":[{"href":"https:\/\/peppink.nl\/index.php\/wp-json\/wp\/v2\/pages"}],"about":[{"href":"https:\/\/peppink.nl\/index.php\/wp-json\/wp\/v2\/types\/page"}],"author":[{"embeddable":true,"href":"https:\/\/peppink.nl\/index.php\/wp-json\/wp\/v2\/users\/1"}],"replies":[{"embeddable":true,"href":"https:\/\/peppink.nl\/index.php\/wp-json\/wp\/v2\/comments?post=1569"}],"version-history":[{"count":9,"href":"https:\/\/peppink.nl\/index.php\/wp-json\/wp\/v2\/pages\/1569\/revisions"}],"predecessor-version":[{"id":2294,"href":"https:\/\/peppink.nl\/index.php\/wp-json\/wp\/v2\/pages\/1569\/revisions\/2294"}],"wp:attachment":[{"href":"https:\/\/peppink.nl\/index.php\/wp-json\/wp\/v2\/media?parent=1569"}],"curies":[{"name":"wp","href":"https:\/\/api.w.org\/{rel}","templated":true}]}}